{"id":9192,"date":"2021-02-13T12:08:08","date_gmt":"2021-02-13T12:08:08","guid":{"rendered":"http:\/\/compass-groupe.com\/?page_id=9192"},"modified":"2022-12-06T11:21:08","modified_gmt":"2022-12-06T11:21:08","slug":"hotspot","status":"publish","type":"page","link":"https:\/\/compass-groupe.com\/index.php\/hotspot\/","title":{"rendered":"LAN \/ WLAN"},"content":{"rendered":"\t\t<div data-elementor-type=\"wp-page\" data-elementor-id=\"9192\" class=\"elementor elementor-9192\">\n\t\t\t\t\t\t<div class=\"elementor-inner\">\n\t\t\t\t<div class=\"elementor-section-wrap\">\n\t\t\t\t\t\t\t\t\t<section class=\"elementor-section elementor-top-section elementor-element elementor-element-10ead31 elementor-section-boxed elementor-section-height-default elementor-section-height-default\" data-id=\"10ead31\" data-element_type=\"section\">\n\t\t\t\t\t\t<div class=\"elementor-container elementor-column-gap-default\">\n\t\t\t\t\t\t\t<div class=\"elementor-row\">\n\t\t\t\t\t<div class=\"elementor-column elementor-col-100 elementor-top-column elementor-element elementor-element-7663e41\" data-id=\"7663e41\" data-element_type=\"column\">\n\t\t\t<div class=\"elementor-column-wrap elementor-element-populated\">\n\t\t\t\t\t\t\t<div class=\"elementor-widget-wrap\">\n\t\t\t\t\t\t<div class=\"elementor-element elementor-element-ac38a32 elementor-widget elementor-widget-heading\" data-id=\"ac38a32\" data-element_type=\"widget\" data-widget_type=\"heading.default\">\n\t\t\t\t<div class=\"elementor-widget-container\">\n\t\t\t<h2 class=\"elementor-heading-title elementor-size-default\">R\u00e9seaux d'entreprise  filaire et WiFi<\/h2>\t\t<\/div>\n\t\t\t\t<\/div>\n\t\t\t\t<section class=\"elementor-section elementor-inner-section elementor-element elementor-element-91014ae elementor-section-boxed elementor-section-height-default elementor-section-height-default\" data-id=\"91014ae\" data-element_type=\"section\">\n\t\t\t\t\t\t<div class=\"elementor-container elementor-column-gap-default\">\n\t\t\t\t\t\t\t<div class=\"elementor-row\">\n\t\t\t\t\t<div class=\"elementor-column elementor-col-100 elementor-inner-column elementor-element elementor-element-f4c1b28\" data-id=\"f4c1b28\" data-element_type=\"column\">\n\t\t\t<div class=\"elementor-column-wrap elementor-element-populated\">\n\t\t\t\t\t\t\t<div class=\"elementor-widget-wrap\">\n\t\t\t\t\t\t<div class=\"elementor-element elementor-element-a009163 elementor-widget elementor-widget-text-editor\" data-id=\"a009163\" data-element_type=\"widget\" data-widget_type=\"text-editor.default\">\n\t\t\t\t<div class=\"elementor-widget-container\">\n\t\t\t\t\t\t\t\t<div class=\"elementor-text-editor elementor-clearfix\">\n\t\t\t\t<p><span style=\"color: #000000;\">Notre m\u00e9tier d\u2019int\u00e9grateur informatique et t\u00e9l\u00e9com, prend en compte la conception, le d\u00e9ploiement et l&#8217;exploitation de\u00a0r\u00e9seaux filaires (LAN), les r\u00e9seaux \u00e9tendus (WAN) et sans fil (Wi-Fi) adapt\u00e9s aux solutions de communications IP qui r\u00e9pondent aux sp\u00e9cificit\u00e9s de votre activit\u00e9 et de votre organisation.<\/span><\/p><p><span style=\"color: #000000;\">COMPASS \u00a0dispose d\u2019une expertise et d\u2019une exp\u00e9rience qui s\u2019adaptent \u00e0 tous ces m\u00e9tiers du r\u00e9seau et de leur s\u00e9curit\u00e9.\u00a0<\/span><span style=\"color: #000000; font-family: var( --e-global-typography-text-font-family ), Sans-serif;\">COMPASS vous\u00a0<\/span><span style=\"color: #000000; font-family: var( --e-global-typography-text-font-family ), Sans-serif; caret-color: #000000;\">propose<\/span><span style=\"color: #000000; font-family: var( --e-global-typography-text-font-family ), Sans-serif;\">\u00a0des r\u00e9seaux informatique agiles, intelligent et r\u00e9silient.<\/span><\/p>\t\t\t\t\t<\/div>\n\t\t\t\t\t\t<\/div>\n\t\t\t\t<\/div>\n\t\t\t\t\t\t<\/div>\n\t\t\t\t\t<\/div>\n\t\t<\/div>\n\t\t\t\t\t\t\t\t<\/div>\n\t\t\t\t\t<\/div>\n\t\t<\/section>\n\t\t\t\t\t\t<\/div>\n\t\t\t\t\t<\/div>\n\t\t<\/div>\n\t\t\t\t\t\t\t\t<\/div>\n\t\t\t\t\t<\/div>\n\t\t<\/section>\n\t\t\t\t<section class=\"elementor-section elementor-top-section elementor-element elementor-element-b2dcd8c elementor-section-boxed elementor-section-height-default elementor-section-height-default\" data-id=\"b2dcd8c\" data-element_type=\"section\">\n\t\t\t\t\t\t<div class=\"elementor-container elementor-column-gap-default\">\n\t\t\t\t\t\t\t<div class=\"elementor-row\">\n\t\t\t\t\t<div class=\"elementor-column elementor-col-50 elementor-top-column elementor-element elementor-element-0794814\" data-id=\"0794814\" data-element_type=\"column\">\n\t\t\t<div class=\"elementor-column-wrap elementor-element-populated\">\n\t\t\t\t\t\t\t<div class=\"elementor-widget-wrap\">\n\t\t\t\t\t\t<div class=\"elementor-element elementor-element-c41f576 elementor-widget elementor-widget-image\" data-id=\"c41f576\" data-element_type=\"widget\" data-widget_type=\"image.default\">\n\t\t\t\t<div class=\"elementor-widget-container\">\n\t\t\t\t\t\t\t\t<div class=\"elementor-image\">\n\t\t\t\t\t\t\t\t\t\t\t\t<img src=\"https:\/\/compass-groupe.com\/wp-content\/uploads\/2022\/12\/LAN1.jpg\" title=\"LAN1\" alt=\"LAN1\" \/>\t\t\t\t\t\t\t\t\t\t\t\t\t\t<\/div>\n\t\t\t\t\t\t<\/div>\n\t\t\t\t<\/div>\n\t\t\t\t\t\t<\/div>\n\t\t\t\t\t<\/div>\n\t\t<\/div>\n\t\t\t\t<div class=\"elementor-column elementor-col-50 elementor-top-column elementor-element elementor-element-7f3be7a\" data-id=\"7f3be7a\" data-element_type=\"column\">\n\t\t\t<div class=\"elementor-column-wrap elementor-element-populated\">\n\t\t\t\t\t\t\t<div class=\"elementor-widget-wrap\">\n\t\t\t\t\t\t<div class=\"elementor-element elementor-element-7bba357 elementor-widget elementor-widget-image\" data-id=\"7bba357\" data-element_type=\"widget\" data-widget_type=\"image.default\">\n\t\t\t\t<div class=\"elementor-widget-container\">\n\t\t\t\t\t\t\t\t<div class=\"elementor-image\">\n\t\t\t\t\t\t\t\t\t\t\t\t<img width=\"400\" height=\"250\" src=\"https:\/\/compass-groupe.com\/wp-content\/uploads\/2022\/12\/wifi_2.jpg\" class=\"attachment-large size-large\" alt=\"\" loading=\"lazy\" srcset=\"https:\/\/compass-groupe.com\/wp-content\/uploads\/2022\/12\/wifi_2.jpg 400w, https:\/\/compass-groupe.com\/wp-content\/uploads\/2022\/12\/wifi_2-300x188.jpg 300w\" sizes=\"(max-width: 400px) 100vw, 400px\" \/>\t\t\t\t\t\t\t\t\t\t\t\t\t\t<\/div>\n\t\t\t\t\t\t<\/div>\n\t\t\t\t<\/div>\n\t\t\t\t\t\t<\/div>\n\t\t\t\t\t<\/div>\n\t\t<\/div>\n\t\t\t\t\t\t\t\t<\/div>\n\t\t\t\t\t<\/div>\n\t\t<\/section>\n\t\t\t\t\t\t\t\t\t<\/div>\n\t\t\t<\/div>\n\t\t\t\t\t<\/div>\n\t\t","protected":false},"excerpt":{"rendered":"<p>R\u00e9seaux d&#8217;entreprise filaire et WiFi Notre m\u00e9tier d\u2019int\u00e9grateur informatique et t\u00e9l\u00e9com, prend en compte la conception, le d\u00e9ploiement et l&#8217;exploitation de\u00a0r\u00e9seaux filaires (LAN), les r\u00e9seaux \u00e9tendus (WAN) et sans fil (Wi-Fi) adapt\u00e9s aux solutions de communications IP qui r\u00e9pondent aux sp\u00e9cificit\u00e9s de votre activit\u00e9 et de votre organisation. COMPASS \u00a0dispose d\u2019une expertise et d\u2019une exp\u00e9rience&#8230;<\/p>\n","protected":false},"author":1,"featured_media":0,"parent":0,"menu_order":0,"comment_status":"closed","ping_status":"closed","template":"elementor_header_footer","meta":[],"_links":{"self":[{"href":"https:\/\/compass-groupe.com\/index.php\/wp-json\/wp\/v2\/pages\/9192"}],"collection":[{"href":"https:\/\/compass-groupe.com\/index.php\/wp-json\/wp\/v2\/pages"}],"about":[{"href":"https:\/\/compass-groupe.com\/index.php\/wp-json\/wp\/v2\/types\/page"}],"author":[{"embeddable":true,"href":"https:\/\/compass-groupe.com\/index.php\/wp-json\/wp\/v2\/users\/1"}],"replies":[{"embeddable":true,"href":"https:\/\/compass-groupe.com\/index.php\/wp-json\/wp\/v2\/comments?post=9192"}],"version-history":[{"count":26,"href":"https:\/\/compass-groupe.com\/index.php\/wp-json\/wp\/v2\/pages\/9192\/revisions"}],"predecessor-version":[{"id":9822,"href":"https:\/\/compass-groupe.com\/index.php\/wp-json\/wp\/v2\/pages\/9192\/revisions\/9822"}],"wp:attachment":[{"href":"https:\/\/compass-groupe.com\/index.php\/wp-json\/wp\/v2\/media?parent=9192"}],"curies":[{"name":"wp","href":"https:\/\/api.w.org\/{rel}","templated":true}]}}