{"id":9184,"date":"2021-02-13T11:56:10","date_gmt":"2021-02-13T11:56:10","guid":{"rendered":"http:\/\/compass-groupe.com\/?page_id=9184"},"modified":"2022-12-06T12:03:19","modified_gmt":"2022-12-06T12:03:19","slug":"virtualisation","status":"publish","type":"page","link":"https:\/\/compass-groupe.com\/index.php\/virtualisation\/","title":{"rendered":"Virtualisation"},"content":{"rendered":"\t\t<div data-elementor-type=\"wp-page\" data-elementor-id=\"9184\" class=\"elementor elementor-9184\">\n\t\t\t\t\t\t<div class=\"elementor-inner\">\n\t\t\t\t<div class=\"elementor-section-wrap\">\n\t\t\t\t\t\t\t\t\t<section class=\"elementor-section elementor-top-section elementor-element elementor-element-4d3c8c6 elementor-section-height-min-height elementor-section-boxed elementor-section-height-default elementor-section-items-middle\" data-id=\"4d3c8c6\" data-element_type=\"section\">\n\t\t\t\t\t\t<div class=\"elementor-container elementor-column-gap-default\">\n\t\t\t\t\t\t\t<div class=\"elementor-row\">\n\t\t\t\t\t<div class=\"elementor-column elementor-col-100 elementor-top-column elementor-element elementor-element-f6e1cae\" data-id=\"f6e1cae\" data-element_type=\"column\">\n\t\t\t<div class=\"elementor-column-wrap elementor-element-populated\">\n\t\t\t\t\t\t\t<div class=\"elementor-widget-wrap\">\n\t\t\t\t\t\t<div class=\"elementor-element elementor-element-84d449d elementor-widget elementor-widget-heading\" data-id=\"84d449d\" data-element_type=\"widget\" data-widget_type=\"heading.default\">\n\t\t\t\t<div class=\"elementor-widget-container\">\n\t\t\t<h1 class=\"elementor-heading-title elementor-size-default\">Datacenter - Virtualisation<\/h1>\t\t<\/div>\n\t\t\t\t<\/div>\n\t\t\t\t\t\t<\/div>\n\t\t\t\t\t<\/div>\n\t\t<\/div>\n\t\t\t\t\t\t\t\t<\/div>\n\t\t\t\t\t<\/div>\n\t\t<\/section>\n\t\t\t\t<section class=\"elementor-section elementor-top-section elementor-element elementor-element-b1d1702 elementor-section-boxed elementor-section-height-default elementor-section-height-default\" data-id=\"b1d1702\" data-element_type=\"section\">\n\t\t\t\t\t\t<div class=\"elementor-container elementor-column-gap-default\">\n\t\t\t\t\t\t\t<div class=\"elementor-row\">\n\t\t\t\t\t<div class=\"elementor-column elementor-col-50 elementor-top-column elementor-element elementor-element-95f0837\" data-id=\"95f0837\" data-element_type=\"column\">\n\t\t\t<div class=\"elementor-column-wrap elementor-element-populated\">\n\t\t\t\t\t\t\t<div class=\"elementor-widget-wrap\">\n\t\t\t\t\t\t<div class=\"elementor-element elementor-element-9894d9c elementor-widget elementor-widget-text-editor\" data-id=\"9894d9c\" data-element_type=\"widget\" data-widget_type=\"text-editor.default\">\n\t\t\t\t<div class=\"elementor-widget-container\">\n\t\t\t\t\t\t\t\t<div class=\"elementor-text-editor elementor-clearfix\">\n\t\t\t\t<p style=\"text-align: left;\"><span style=\"color: var( --e-global-color-text ); font-family: var( --e-global-typography-text-font-family ), Sans-serif;\">COMPASS con\u00e7oit pour les moyennes et grandes entreprises des infrastructures IT bas\u00e9es sur la technologie hyperconverg\u00e9e. Une infrastructure hyperconverg\u00e9e (HCI) combine les capacit\u00e9s de traitement, de virtualisation, de stockage et de mise en r\u00e9seau dans un seul cluster pilot\u00e9 par logiciel.\u00a0<\/span><\/p><p style=\"text-align: left;\"><span style=\"color: var( --e-global-color-text ); font-family: var( --e-global-typography-text-font-family ), Sans-serif;\">En d\u00e9marrant avec deux ou trois n\u0153uds, les administrateur peuvent facilement augmenter les capacit\u00e9s en fonction de l&#8217;\u00e9volution des besoins de ressources de traitement et de stockage. L&#8217;hyperconvergence permet de b\u00e9n\u00e9ficier de la simplicit\u00e9 du cloud sur site au sein d&#8217;une seule plate-forme facile \u00e0 g\u00e9rer.<\/span><\/p>\t\t\t\t\t<\/div>\n\t\t\t\t\t\t<\/div>\n\t\t\t\t<\/div>\n\t\t\t\t<div class=\"elementor-element elementor-element-b803dd4 elementor-widget elementor-widget-text-editor\" data-id=\"b803dd4\" data-element_type=\"widget\" data-widget_type=\"text-editor.default\">\n\t\t\t\t<div class=\"elementor-widget-container\">\n\t\t\t\t\t\t\t\t<div class=\"elementor-text-editor elementor-clearfix\">\n\t\t\t\t\t\t\t\t\t<\/div>\n\t\t\t\t\t\t<\/div>\n\t\t\t\t<\/div>\n\t\t\t\t<div class=\"elementor-element elementor-element-451af34 elementor-widget elementor-widget-text-editor\" data-id=\"451af34\" data-element_type=\"widget\" data-widget_type=\"text-editor.default\">\n\t\t\t\t<div class=\"elementor-widget-container\">\n\t\t\t\t\t\t\t\t<div class=\"elementor-text-editor elementor-clearfix\">\n\t\t\t\t\t\t\t\t\t<\/div>\n\t\t\t\t\t\t<\/div>\n\t\t\t\t<\/div>\n\t\t\t\t<div class=\"elementor-element elementor-element-3c7b0ff elementor-widget elementor-widget-text-editor\" data-id=\"3c7b0ff\" data-element_type=\"widget\" data-widget_type=\"text-editor.default\">\n\t\t\t\t<div class=\"elementor-widget-container\">\n\t\t\t\t\t\t\t\t<div class=\"elementor-text-editor elementor-clearfix\">\n\t\t\t\t\t\t\t\t\t<\/div>\n\t\t\t\t\t\t<\/div>\n\t\t\t\t<\/div>\n\t\t\t\t<div class=\"elementor-element elementor-element-31bf94d elementor-widget elementor-widget-text-editor\" data-id=\"31bf94d\" data-element_type=\"widget\" data-widget_type=\"text-editor.default\">\n\t\t\t\t<div class=\"elementor-widget-container\">\n\t\t\t\t\t\t\t\t<div class=\"elementor-text-editor elementor-clearfix\">\n\t\t\t\t\t\t\t\t\t<\/div>\n\t\t\t\t\t\t<\/div>\n\t\t\t\t<\/div>\n\t\t\t\t\t\t<\/div>\n\t\t\t\t\t<\/div>\n\t\t<\/div>\n\t\t\t\t<div class=\"elementor-column elementor-col-50 elementor-top-column elementor-element elementor-element-0e123a5\" data-id=\"0e123a5\" data-element_type=\"column\">\n\t\t\t<div class=\"elementor-column-wrap elementor-element-populated\">\n\t\t\t\t\t\t\t<div class=\"elementor-widget-wrap\">\n\t\t\t\t\t\t<div class=\"elementor-element elementor-element-846d78d elementor-widget elementor-widget-image\" data-id=\"846d78d\" data-element_type=\"widget\" data-widget_type=\"image.default\">\n\t\t\t\t<div class=\"elementor-widget-container\">\n\t\t\t\t\t\t\t\t<div class=\"elementor-image\">\n\t\t\t\t\t\t\t\t\t\t\t\t<img src=\"https:\/\/compass-groupe.com\/wp-content\/uploads\/2022\/12\/shutterstock_526184038_datacenter-scaled.jpg\" title=\"shutterstock_526184038_datacenter\" alt=\"shutterstock_526184038_datacenter\" \/>\t\t\t\t\t\t\t\t\t\t\t\t\t\t<\/div>\n\t\t\t\t\t\t<\/div>\n\t\t\t\t<\/div>\n\t\t\t\t\t\t<\/div>\n\t\t\t\t\t<\/div>\n\t\t<\/div>\n\t\t\t\t\t\t\t\t<\/div>\n\t\t\t\t\t<\/div>\n\t\t<\/section>\n\t\t\t\t\t\t\t\t\t<\/div>\n\t\t\t<\/div>\n\t\t\t\t\t<\/div>\n\t\t","protected":false},"excerpt":{"rendered":"<p>Datacenter &#8211; Virtualisation COMPASS con\u00e7oit pour les moyennes et grandes entreprises des infrastructures IT bas\u00e9es sur la technologie hyperconverg\u00e9e. Une infrastructure hyperconverg\u00e9e (HCI) combine les capacit\u00e9s de traitement, de virtualisation, de stockage et de mise en r\u00e9seau dans un seul cluster pilot\u00e9 par logiciel.\u00a0 En d\u00e9marrant avec deux ou trois n\u0153uds, les administrateur peuvent facilement&#8230;<\/p>\n","protected":false},"author":1,"featured_media":0,"parent":0,"menu_order":0,"comment_status":"closed","ping_status":"closed","template":"","meta":[],"_links":{"self":[{"href":"https:\/\/compass-groupe.com\/index.php\/wp-json\/wp\/v2\/pages\/9184"}],"collection":[{"href":"https:\/\/compass-groupe.com\/index.php\/wp-json\/wp\/v2\/pages"}],"about":[{"href":"https:\/\/compass-groupe.com\/index.php\/wp-json\/wp\/v2\/types\/page"}],"author":[{"embeddable":true,"href":"https:\/\/compass-groupe.com\/index.php\/wp-json\/wp\/v2\/users\/1"}],"replies":[{"embeddable":true,"href":"https:\/\/compass-groupe.com\/index.php\/wp-json\/wp\/v2\/comments?post=9184"}],"version-history":[{"count":67,"href":"https:\/\/compass-groupe.com\/index.php\/wp-json\/wp\/v2\/pages\/9184\/revisions"}],"predecessor-version":[{"id":9852,"href":"https:\/\/compass-groupe.com\/index.php\/wp-json\/wp\/v2\/pages\/9184\/revisions\/9852"}],"wp:attachment":[{"href":"https:\/\/compass-groupe.com\/index.php\/wp-json\/wp\/v2\/media?parent=9184"}],"curies":[{"name":"wp","href":"https:\/\/api.w.org\/{rel}","templated":true}]}}