{"id":9188,"date":"2021-02-13T12:01:35","date_gmt":"2021-02-13T12:01:35","guid":{"rendered":"http:\/\/compass-groupe.com\/?page_id=9188"},"modified":"2022-12-05T12:36:48","modified_gmt":"2022-12-05T12:36:48","slug":"vsat","status":"publish","type":"page","link":"http:\/\/compass-groupe.com\/index.php\/vsat\/","title":{"rendered":"VSAT"},"content":{"rendered":"\t\t<div data-elementor-type=\"wp-page\" data-elementor-id=\"9188\" class=\"elementor elementor-9188\">\n\t\t\t\t\t\t<div class=\"elementor-inner\">\n\t\t\t\t<div class=\"elementor-section-wrap\">\n\t\t\t\t\t\t\t\t\t<section class=\"elementor-section elementor-top-section elementor-element elementor-element-0d2a165 elementor-section-boxed elementor-section-height-default elementor-section-height-default\" data-id=\"0d2a165\" data-element_type=\"section\">\n\t\t\t\t\t\t<div class=\"elementor-container elementor-column-gap-default\">\n\t\t\t\t\t\t\t<div class=\"elementor-row\">\n\t\t\t\t\t<div class=\"elementor-column elementor-col-100 elementor-top-column elementor-element elementor-element-6863243\" data-id=\"6863243\" data-element_type=\"column\">\n\t\t\t<div class=\"elementor-column-wrap elementor-element-populated\">\n\t\t\t\t\t\t\t<div class=\"elementor-widget-wrap\">\n\t\t\t\t\t\t<div class=\"elementor-element elementor-element-456f70f elementor-widget elementor-widget-heading\" data-id=\"456f70f\" data-element_type=\"widget\" data-widget_type=\"heading.default\">\n\t\t\t\t<div class=\"elementor-widget-container\">\n\t\t\t<h2 class=\"elementor-heading-title elementor-size-default\">Internet par satellite<\/h2>\t\t<\/div>\n\t\t\t\t<\/div>\n\t\t\t\t<div class=\"elementor-element elementor-element-cbeb8ff elementor-widget elementor-widget-text-editor\" data-id=\"cbeb8ff\" data-element_type=\"widget\" data-widget_type=\"text-editor.default\">\n\t\t\t\t<div class=\"elementor-widget-container\">\n\t\t\t\t\t\t\t\t<div class=\"elementor-text-editor elementor-clearfix\">\n\t\t\t\t<p>Sp\u00e9cialis\u00e9 dans les connexions Internet par satellite et les liens IP par satellite depuis plus 7 ans, COMPASS a mis en place des offres pour r\u00e9pondre exactement aux demandes de chaque secteur d\u2019activit\u00e9. Chaque activit\u00e9 poss\u00e8de ses sp\u00e9cificit\u00e9s et il est tr\u00e8s important de bien prendre en compte chacun des aspects de l\u2019usage de la connexion IP ou Internet par satellite de chaque client si l\u2019on veut parvenir \u00e0 satisfaire ses besoins avec efficacit\u00e9. Nous avons donc b\u00e2ti des solutions en partenariat avec les plus grands op\u00e9rateurs satellite mondiaux Eutelsat, SES Newskies, Intelsat, Telesat, Amos Spacecom, RSCC, ABS et peut aujourd\u2019hui r\u00e9pondre \u00e0 toutes les probl\u00e9matique qu\u2019un client peut avoir en n\u2019importe quel point d\u2019Afrique. Les offres propos\u00e9es sont:<\/p>\t\t\t\t\t<\/div>\n\t\t\t\t\t\t<\/div>\n\t\t\t\t<\/div>\n\t\t\t\t<div class=\"elementor-element elementor-element-ec199d5 elementor-widget elementor-widget-text-editor\" data-id=\"ec199d5\" data-element_type=\"widget\" data-widget_type=\"text-editor.default\">\n\t\t\t\t<div class=\"elementor-widget-container\">\n\t\t\t\t\t\t\t\t<div class=\"elementor-text-editor elementor-clearfix\">\n\t\t\t\t<ul><li>Un r\u00e9seau satellite d\u2019entreprise avec des services VSAT sur mesure (VPN, r\u00e9seau maill\u00e9, r\u00e9seau \u00e9toile, r\u00e9seau point-multipoints, multidiffusion IP par satellite\u2026)<\/li><li>Une prestation compl\u00e8te d\u2019int\u00e9gration, de la fourniture du mat\u00e9riel VSAT, son exp\u00e9dition et sa pose par nos techniciens jusqu\u2019\u00e0 la mise en route des services VSAT et la recette.<\/li><\/ul>\t\t\t\t\t<\/div>\n\t\t\t\t\t\t<\/div>\n\t\t\t\t<\/div>\n\t\t\t\t\t\t<\/div>\n\t\t\t\t\t<\/div>\n\t\t<\/div>\n\t\t\t\t\t\t\t\t<\/div>\n\t\t\t\t\t<\/div>\n\t\t<\/section>\n\t\t\t\t<section class=\"elementor-section elementor-top-section elementor-element elementor-element-40145b8 elementor-section-boxed elementor-section-height-default elementor-section-height-default\" data-id=\"40145b8\" data-element_type=\"section\">\n\t\t\t\t\t\t<div class=\"elementor-container elementor-column-gap-default\">\n\t\t\t\t\t\t\t<div class=\"elementor-row\">\n\t\t\t\t\t<div class=\"elementor-column elementor-col-100 elementor-top-column elementor-element elementor-element-d8e2667\" data-id=\"d8e2667\" data-element_type=\"column\">\n\t\t\t<div class=\"elementor-column-wrap elementor-element-populated\">\n\t\t\t\t\t\t\t<div class=\"elementor-widget-wrap\">\n\t\t\t\t\t\t<div class=\"elementor-element elementor-element-6ea5ace elementor-widget elementor-widget-image\" data-id=\"6ea5ace\" data-element_type=\"widget\" data-widget_type=\"image.default\">\n\t\t\t\t<div class=\"elementor-widget-container\">\n\t\t\t\t\t\t\t\t<div class=\"elementor-image\">\n\t\t\t\t\t\t\t\t\t\t\t\t<img width=\"640\" height=\"360\" src=\"http:\/\/compass-groupe.com\/wp-content\/uploads\/2022\/12\/shutterstock_1831931518_vsat-768x432.jpg\" class=\"attachment-medium_large size-medium_large\" alt=\"\" loading=\"lazy\" srcset=\"http:\/\/compass-groupe.com\/wp-content\/uploads\/2022\/12\/shutterstock_1831931518_vsat-768x432.jpg 768w, http:\/\/compass-groupe.com\/wp-content\/uploads\/2022\/12\/shutterstock_1831931518_vsat-300x169.jpg 300w, http:\/\/compass-groupe.com\/wp-content\/uploads\/2022\/12\/shutterstock_1831931518_vsat-1024x576.jpg 1024w, http:\/\/compass-groupe.com\/wp-content\/uploads\/2022\/12\/shutterstock_1831931518_vsat-1536x864.jpg 1536w, http:\/\/compass-groupe.com\/wp-content\/uploads\/2022\/12\/shutterstock_1831931518_vsat-2048x1152.jpg 2048w, http:\/\/compass-groupe.com\/wp-content\/uploads\/2022\/12\/shutterstock_1831931518_vsat-600x338.jpg 600w\" sizes=\"(max-width: 640px) 100vw, 640px\" \/>\t\t\t\t\t\t\t\t\t\t\t\t\t\t<\/div>\n\t\t\t\t\t\t<\/div>\n\t\t\t\t<\/div>\n\t\t\t\t\t\t<\/div>\n\t\t\t\t\t<\/div>\n\t\t<\/div>\n\t\t\t\t\t\t\t\t<\/div>\n\t\t\t\t\t<\/div>\n\t\t<\/section>\n\t\t\t\t\t\t\t\t\t<\/div>\n\t\t\t<\/div>\n\t\t\t\t\t<\/div>\n\t\t","protected":false},"excerpt":{"rendered":"<p>Internet par satellite Sp\u00e9cialis\u00e9 dans les connexions Internet par satellite et les liens IP par satellite depuis plus 7 ans, COMPASS a mis en place des offres pour r\u00e9pondre exactement aux demandes de chaque secteur d\u2019activit\u00e9. Chaque activit\u00e9 poss\u00e8de ses sp\u00e9cificit\u00e9s et il est tr\u00e8s important de bien prendre en compte chacun des aspects de&#8230;<\/p>\n","protected":false},"author":1,"featured_media":0,"parent":0,"menu_order":0,"comment_status":"closed","ping_status":"closed","template":"","meta":[],"_links":{"self":[{"href":"http:\/\/compass-groupe.com\/index.php\/wp-json\/wp\/v2\/pages\/9188"}],"collection":[{"href":"http:\/\/compass-groupe.com\/index.php\/wp-json\/wp\/v2\/pages"}],"about":[{"href":"http:\/\/compass-groupe.com\/index.php\/wp-json\/wp\/v2\/types\/page"}],"author":[{"embeddable":true,"href":"http:\/\/compass-groupe.com\/index.php\/wp-json\/wp\/v2\/users\/1"}],"replies":[{"embeddable":true,"href":"http:\/\/compass-groupe.com\/index.php\/wp-json\/wp\/v2\/comments?post=9188"}],"version-history":[{"count":26,"href":"http:\/\/compass-groupe.com\/index.php\/wp-json\/wp\/v2\/pages\/9188\/revisions"}],"predecessor-version":[{"id":9797,"href":"http:\/\/compass-groupe.com\/index.php\/wp-json\/wp\/v2\/pages\/9188\/revisions\/9797"}],"wp:attachment":[{"href":"http:\/\/compass-groupe.com\/index.php\/wp-json\/wp\/v2\/media?parent=9188"}],"curies":[{"name":"wp","href":"https:\/\/api.w.org\/{rel}","templated":true}]}}