{"id":9186,"date":"2021-02-13T11:58:52","date_gmt":"2021-02-13T11:58:52","guid":{"rendered":"http:\/\/compass-groupe.com\/?page_id=9186"},"modified":"2024-06-24T10:41:54","modified_gmt":"2024-06-24T10:41:54","slug":"interconnexion-de-sites","status":"publish","type":"page","link":"http:\/\/compass-groupe.com\/index.php\/interconnexion-de-sites\/","title":{"rendered":"Interconnexion de sites"},"content":{"rendered":"\t\t<div data-elementor-type=\"wp-page\" data-elementor-id=\"9186\" class=\"elementor elementor-9186\">\n\t\t\t\t\t\t<div class=\"elementor-inner\">\n\t\t\t\t<div class=\"elementor-section-wrap\">\n\t\t\t\t\t\t\t\t\t<section class=\"elementor-section elementor-top-section elementor-element elementor-element-a393d75 elementor-section-boxed elementor-section-height-default elementor-section-height-default\" data-id=\"a393d75\" data-element_type=\"section\">\n\t\t\t\t\t\t<div class=\"elementor-container elementor-column-gap-default\">\n\t\t\t\t\t\t\t<div class=\"elementor-row\">\n\t\t\t\t\t<div class=\"elementor-column elementor-col-100 elementor-top-column elementor-element elementor-element-3306f51\" data-id=\"3306f51\" data-element_type=\"column\">\n\t\t\t<div class=\"elementor-column-wrap elementor-element-populated\">\n\t\t\t\t\t\t\t<div class=\"elementor-widget-wrap\">\n\t\t\t\t\t\t<div class=\"elementor-element elementor-element-7a0c21d elementor-widget elementor-widget-heading\" data-id=\"7a0c21d\" data-element_type=\"widget\" data-widget_type=\"heading.default\">\n\t\t\t\t<div class=\"elementor-widget-container\">\n\t\t\t<h1 class=\"elementor-heading-title elementor-size-default\">Communiquez avec vos sites distants<\/h1>\t\t<\/div>\n\t\t\t\t<\/div>\n\t\t\t\t\t\t<\/div>\n\t\t\t\t\t<\/div>\n\t\t<\/div>\n\t\t\t\t\t\t\t\t<\/div>\n\t\t\t\t\t<\/div>\n\t\t<\/section>\n\t\t\t\t<section class=\"elementor-section elementor-top-section elementor-element elementor-element-ebfd7f1 elementor-section-boxed elementor-section-height-default elementor-section-height-default\" data-id=\"ebfd7f1\" data-element_type=\"section\">\n\t\t\t\t\t\t<div class=\"elementor-container elementor-column-gap-default\">\n\t\t\t\t\t\t\t<div class=\"elementor-row\">\n\t\t\t\t\t<div class=\"elementor-column elementor-col-66 elementor-top-column elementor-element elementor-element-3296c34\" data-id=\"3296c34\" data-element_type=\"column\">\n\t\t\t<div class=\"elementor-column-wrap elementor-element-populated\">\n\t\t\t\t\t\t\t<div class=\"elementor-widget-wrap\">\n\t\t\t\t\t\t<div class=\"elementor-element elementor-element-63c0217 elementor-widget elementor-widget-text-editor\" data-id=\"63c0217\" data-element_type=\"widget\" data-widget_type=\"text-editor.default\">\n\t\t\t\t<div class=\"elementor-widget-container\">\n\t\t\t\t\t\t\t\t<div class=\"elementor-text-editor elementor-clearfix\">\n\t\t\t\t<p>Dans le march\u00e9 tr\u00e8s dynamique des t\u00e9l\u00e9communications d\u2019aujourd\u2019hui, les clients ont une demande forte pour d\u2019avantage de bande passante et de services. Les solutions utilisant les Faisceaux Hertziens pour l\u2019interconnexion de sites distants peuvent r\u00e9pondre rapidement et efficacement \u00e0 ces besoins.<\/p><p>Les Faisceaux Hertziens peuvent \u00eatre d\u00e9ploy\u00e9s l\u00e0 o\u00f9 les sc\u00e9narios classiques comme la fibre optique, le c\u00e2ble, et ne sont pas r\u00e9alisables ou serait trop co\u00fbteux \u00e0 mettre en \u0153uvre.<\/p><p>Ces solutions sont sans compromis sur la qualit\u00e9, la disponibilit\u00e9 et r\u00e9pondent aux normes les plus exigeantes attendues dans les r\u00e9seaux \u00e0 caract\u00e8re critique comme les r\u00e9seaux de s\u00e9curit\u00e9 publique ou ceux dans les domaines de l\u2019\u00e9nergie, du transport, les sites hospitaliers, le monde industriel\u2026<\/p><p>Les solutions d\u2019interconnexion de sites distants par Faisceaux Hertziens propos\u00e9es par COMPASS r\u00e9pondent parfaitement \u00e0 ces demandes ultra large bande o\u00f9 capacit\u00e9, fiabilit\u00e9, disponibilit\u00e9, \u00e9volutivit\u00e9 sont les ma\u00eetres mots.<\/p>\t\t\t\t\t<\/div>\n\t\t\t\t\t\t<\/div>\n\t\t\t\t<\/div>\n\t\t\t\t\t\t<\/div>\n\t\t\t\t\t<\/div>\n\t\t<\/div>\n\t\t\t\t<div class=\"elementor-column elementor-col-33 elementor-top-column elementor-element elementor-element-b9d7c0c\" data-id=\"b9d7c0c\" data-element_type=\"column\">\n\t\t\t<div class=\"elementor-column-wrap elementor-element-populated\">\n\t\t\t\t\t\t\t<div class=\"elementor-widget-wrap\">\n\t\t\t\t\t\t\t\t<\/div>\n\t\t\t\t\t<\/div>\n\t\t<\/div>\n\t\t\t\t\t\t\t\t<\/div>\n\t\t\t\t\t<\/div>\n\t\t<\/section>\n\t\t\t\t\t\t\t\t\t<\/div>\n\t\t\t<\/div>\n\t\t\t\t\t<\/div>\n\t\t","protected":false},"excerpt":{"rendered":"<p>Communiquez avec vos sites distants Dans le march\u00e9 tr\u00e8s dynamique des t\u00e9l\u00e9communications d\u2019aujourd\u2019hui, les clients ont une demande forte pour d\u2019avantage de bande passante et de services. Les solutions utilisant les Faisceaux Hertziens pour l\u2019interconnexion de sites distants peuvent r\u00e9pondre rapidement et efficacement \u00e0 ces besoins. Les Faisceaux Hertziens peuvent \u00eatre d\u00e9ploy\u00e9s l\u00e0 o\u00f9 les&#8230;<\/p>\n","protected":false},"author":1,"featured_media":0,"parent":0,"menu_order":0,"comment_status":"closed","ping_status":"closed","template":"","meta":[],"_links":{"self":[{"href":"http:\/\/compass-groupe.com\/index.php\/wp-json\/wp\/v2\/pages\/9186"}],"collection":[{"href":"http:\/\/compass-groupe.com\/index.php\/wp-json\/wp\/v2\/pages"}],"about":[{"href":"http:\/\/compass-groupe.com\/index.php\/wp-json\/wp\/v2\/types\/page"}],"author":[{"embeddable":true,"href":"http:\/\/compass-groupe.com\/index.php\/wp-json\/wp\/v2\/users\/1"}],"replies":[{"embeddable":true,"href":"http:\/\/compass-groupe.com\/index.php\/wp-json\/wp\/v2\/comments?post=9186"}],"version-history":[{"count":54,"href":"http:\/\/compass-groupe.com\/index.php\/wp-json\/wp\/v2\/pages\/9186\/revisions"}],"predecessor-version":[{"id":10169,"href":"http:\/\/compass-groupe.com\/index.php\/wp-json\/wp\/v2\/pages\/9186\/revisions\/10169"}],"wp:attachment":[{"href":"http:\/\/compass-groupe.com\/index.php\/wp-json\/wp\/v2\/media?parent=9186"}],"curies":[{"name":"wp","href":"https:\/\/api.w.org\/{rel}","templated":true}]}}